{"id":12,"date":"2014-02-05T00:40:07","date_gmt":"2014-02-05T00:40:07","guid":{"rendered":"https:\/\/www.reusch-online.de\/?page_id=12"},"modified":"2025-07-13T16:28:15","modified_gmt":"2025-07-13T14:28:15","slug":"essen-und-trinken","status":"publish","type":"page","link":"https:\/\/www.reusch-online.de\/?page_id=12","title":{"rendered":"Das Reusch"},"content":{"rendered":"<p><strong>Haben Sie Lust auf frisch zubereitete Gerichte der Saison?\u00a0<\/strong><strong>Appetit auf Spargel, Pfifferlinge, Matjes, Mai-Wirsing oder Muscheln?<\/strong><\/p>\n<p>Weit \u00fcber die Grenzen D\u00fcsseldorfs hinaus gelten die nach Familienrezepten zubereiteten Muscheln, denen das Restaurant den Beinamen \u201cMuschelhaus Reusch\u201d verdankt, als besondere Delikatesse. Neben den Gerichten der Saison bilden die \u201cRheinischen Klassiker\u201d wie Senfrostbraten, Bratwurst oder Speckpfannkuchen einen weiteren Schwerpunkt unserer K\u00fcche.<\/p>\n<p>Dar\u00fcber hinaus bieten wir Ihnen eine gut sortierte Getr\u00e4nkeauswahl. Neben dem w\u00fcrzigen Schumacher Alt gibt es frisches Veltins Pils und beste Weine.<\/p>\n","protected":false},"excerpt":{"rendered":"<p>Haben Sie Lust auf frisch zubereitete Gerichte der Saison?\u00a0Appetit auf Spargel, Pfifferlinge, Matjes, Mai-Wirsing oder Muscheln? Weit \u00fcber die Grenzen D\u00fcsseldorfs hinaus gelten die nach Familienrezepten zubereiteten Muscheln, denen das Restaurant den Beinamen \u201cMuschelhaus Reusch\u201d verdankt, als besondere Delikatesse. Neben den Gerichten der Saison bilden die \u201cRheinischen Klassiker\u201d wie Senfrostbraten, Bratwurst oder Speckpfannkuchen einen weiteren [&hellip;]<\/p>\n","protected":false},"author":1,"featured_media":0,"parent":0,"menu_order":0,"comment_status":"closed","ping_status":"closed","template":"","meta":{"footnotes":""},"class_list":["post-12","page","type-page","status-publish","hentry"],"_links":{"self":[{"href":"https:\/\/www.reusch-online.de\/index.php?rest_route=\/wp\/v2\/pages\/12","targetHints":{"allow":["GET"]}}],"collection":[{"href":"https:\/\/www.reusch-online.de\/index.php?rest_route=\/wp\/v2\/pages"}],"about":[{"href":"https:\/\/www.reusch-online.de\/index.php?rest_route=\/wp\/v2\/types\/page"}],"author":[{"embeddable":true,"href":"https:\/\/www.reusch-online.de\/index.php?rest_route=\/wp\/v2\/users\/1"}],"replies":[{"embeddable":true,"href":"https:\/\/www.reusch-online.de\/index.php?rest_route=%2Fwp%2Fv2%2Fcomments&post=12"}],"version-history":[{"count":8,"href":"https:\/\/www.reusch-online.de\/index.php?rest_route=\/wp\/v2\/pages\/12\/revisions"}],"predecessor-version":[{"id":647,"href":"https:\/\/www.reusch-online.de\/index.php?rest_route=\/wp\/v2\/pages\/12\/revisions\/647"}],"wp:attachment":[{"href":"https:\/\/www.reusch-online.de\/index.php?rest_route=%2Fwp%2Fv2%2Fmedia&parent=12"}],"curies":[{"name":"wp","href":"https:\/\/api.w.org\/{rel}","templated":true}]}}