{"id":32,"date":"2014-09-05T22:32:02","date_gmt":"2014-09-05T20:32:02","guid":{"rendered":"https:\/\/www.reusch-online.de\/?page_id=32"},"modified":"2026-03-28T16:27:44","modified_gmt":"2026-03-28T14:27:44","slug":"speisen","status":"publish","type":"page","link":"https:\/\/www.reusch-online.de\/?page_id=32","title":{"rendered":"Speisen"},"content":{"rendered":"\r\n<figure class=\"wp-block-table\">\r\n<p><strong>Restaurant Reusch <\/strong><\/p>\r\n<p><strong>\u00a0<\/strong><\/p>\r\n<p><strong>VORSPEISEN &amp; SALATE<\/strong><\/p>\r\n<p><strong>Tagessuppe<\/strong> \u00a0\u00a0\u00a0\u00a0\u00a0\u00a0\u00a0\u00a0\u00a0 \u00a0\u00a0\u00a0\u00a0\u00a0\u00a0\u00a0\u00a0\u00a0\u00a0\u00a0 <em>Frisch nach Marktleistung zubereitet<\/em> 8,50<\/p>\r\n<p><strong>Burrata auf Radicchio<\/strong><strong> \u00a0\u00a0\u00a0\u00a0\u00a0\u00a0\u00a0\u00a0\u00a0\u00a0\u00a0 <\/strong><em>Cremige Burrata auf feinherbem Radicchio, veredelt mit fruchtigem Rote-Bete-Orangendressing und Waln\u00fcssen<\/em> 13,50<\/p>\r\n<p><strong>Gratinierter Ziegenk\u00e4se<\/strong> \u00a0\u00a0\u00a0\u00a0\u00a0\u00a0\u00a0\u00a0\u00a0\u00a0\u00a0 <em>An bunten Blattsalaten mit unserem hausgemachten, s\u00fc\u00dfen Senfdressing<\/em> klein 12,90 | gro\u00df 16,50<\/p>\r\n<p><strong>Gemischter Salat der Saison<\/strong> 9,50<\/p>\r\n<p><strong>Putensalat \u00a0\u00a0\u00a0\u00a0\u00a0\u00a0\u00a0\u00a0\u00a0\u00a0\u00a0 <\/strong><em>Gebratene Putenstreifen mit s\u00fc\u00df\/saurem Joghurtdressing auf Marktsalat<\/em> klein 12,90 | gro\u00df 16,50<\/p>\r\n<p>&nbsp;<\/p>\r\n<p><strong>Fischklassiker und Meeresfr\u00fcchte<\/strong><\/p>\r\n<p><strong>Spaghetti mit Riesengarnelen<\/strong> \u00a0\u00a0\u00a0\u00a0\u00a0\u00a0\u00a0\u00a0 <em>In einer edlen Riesling-Safran-Sahneso\u00dfe<\/em> 20,00<\/p>\r\n<p><strong>Rheinischer Heringsstipp\u00a0\u00a0\u00a0\u00a0\u00a0 <\/strong><em>Sauer eingelegter Hering in Sahneso\u00dfe nach \u201eHausfrauen Art\u201c mit krossen Bratkartoffeln 16,50<\/em><\/p>\r\n<p><strong>Rotbarschfilet<\/strong> \u00a0\u00a0\u00a0\u00a0 <em>Mit hausgemachter Remoulade, frischem Salat und Salzkartoffeln<\/em> 26,90<\/p>\r\n<p><strong>Dorade Royale<\/strong>\u00a0\u00a0\u00a0\u00a0 <em>Ganze Dorade mit vielen Kr\u00e4utern frisch aus dem Ofen, serviert mit buntem Salat und gebackenen Kartoffeln<\/em> \u00a027,90<\/p>\r\n<p>&nbsp;<\/p>\r\n<p><strong>FLEISCHKLASSIKER &amp; TRADITION<\/strong><\/p>\r\n<p><strong>Original Wienerschnitzel<\/strong> \u00a0\u00a0\u00a0\u00a0\u00a0\u00a0\u00a0\u00a0 \u00a0\u00a0\u00a0\u00a0\u00a0\u00a0\u00a0\u00a0\u00a0\u00a0\u00a0 <em>Hauchd\u00fcnne Kalbsschnitzel in goldgelber Panade mit erfrischendem Tomatensalat<\/em> 30,50<\/p>\r\n<p><strong>Argentinisches Rinderfilet<\/strong> \u00a0\u00a0\u00a0\u00a0\u00a0\u00a0\u00a0\u00a0\u00a0\u00a0\u00a0\u00a0\u00a0\u00a0 <em>Das edelste St\u00fcck an pikanter Paprikasahneso\u00dfe, serviert mit Bratkartoffeln<\/em> 41,00<\/p>\r\n<p><strong>Schweinefilet in Calvadosrahm<\/strong> \u00a0\u00a0\u00a0\u00a0\u00a0\u00a0\u00a0\u00a0\u00a0\u00a0\u00a0\u00a0\u00a0\u00a0\u00a0\u00a0\u00a0 <em>Zarte Medaillons in harmonischer Apfel-Rahmso\u00dfe an cremigem Kartoffelp\u00fcree<\/em> 22,50<\/p>\r\n<p><strong>Kalbsnieren in Senfso\u00dfe<\/strong> \u00a0\u00a0\u00a0\u00a0\u00a0\u00a0\u00a0 <em>F\u00fcr Kenner: Zart pointiert in Senf-Rahm, dazu hausgemachtem Kartoffp\u00fcree<\/em> 22,90<\/p>\r\n<p><strong>D\u00fcsseldorfer Senfrostbraten<\/strong> <em>Das Herzst\u00fcck: Saftiges Entrec\u00f4te unter einer w\u00fcrzigen D\u00fcsseldorfer Senfkruste gratiniert, serviert mit krossen Bratkartoffeln<\/em> 33,90<\/p>\r\n<p><strong>Argentinisches Rumpsteak\u00a0\u00a0\u00a0 \u00a0\u00a0\u00a0\u00a0\u00a0\u00a0\u00a0\u00a0\u00a0\u00a0\u00a0 <\/strong><em>medium gebraten mit R\u00f6stzwiebeln und Meerrettich dazu knusprige Bratkartoffeln <\/em>32,90<\/p>\r\n<p><strong>Lammfilets provencial \u00a0\u00a0\u00a0\u00a0\u00a0\u00a0\u00a0\u00a0\u00a0\u00a0\u00a0 <\/strong><em>Mit w\u00fcrziger Tomatenso\u00dfe und Speckbohnen<\/em> 32,90<\/p>\r\n<p><strong>Putengeschnetzeltes\u00a0\u00a0\u00a0\u00a0\u00a0\u00a0\u00a0\u00a0\u00a0\u00a0\u00a0\u00a0\u00a0\u00a0\u00a0\u00a0 <\/strong><em>Zarte Streifen von der Putenbrust in einer s\u00e4migen Curry-Rahmso\u00dfe mit Basmatireis <\/em>18,50<\/p>\r\n<p><strong>Schweineschnitzel \u201eWiener Art\u201c<\/strong> \u00a0\u00a0 <em>Vom Landschwein, serviert mit unseren beliebten handgehobelten Bratkartoffeln<\/em> klein 14,90 | gro\u00df 19,90<\/p>\r\n<p><strong>\u201ePaprikasahne\u201c \u00a0 <\/strong><em>Schnitzel von der Schweineoberschale mit unserer unwiderstehlichen Champignon- Paprikasahneso\u00dfe und unseren Bratkartoffeln<\/em> 19,50<\/p>\r\n<p><strong>Paniertes Kotelett\u00a0\u00a0\u00a0\u00a0\u00a0\u00a0\u00a0\u00a0\u00a0 <\/strong><em>gro\u00dfes Schweinekotelett \u2013 au\u00dfen knusprig, innen zart und saftig mit Buttererbsen <\/em>18,50<\/p>\r\n<p><strong>Leberk\u00e4se \u201eHausmacher Art\u201c<\/strong> \u00a0\u00a0\u00a0\u00a0\u00a0\u00a0\u00a0\u00a0 <em>Mit frisch gebratenem Spiegelei und goldbraunen Bratkartoffeln<\/em> 14,00<\/p>\r\n<p><strong>BEILAGEN<\/strong><\/p>\r\n<p><strong>Speckbohnen<\/strong> 6,50 | <strong>Buttererbsen<\/strong> 6,00 | <strong>Bratkartoffeln<\/strong> 5,50 | <strong>Kartoffelp\u00fcree <\/strong>5,50<strong> Beilagensalat<\/strong> 5,50 | <strong>Paprikasahneso\u00dfe<\/strong> 4,50 | <strong>Preiselbeeren<\/strong> 1,50 | <strong>Mayonnaise<\/strong> 1,50<\/p>\r\n<p><strong><em>Beachten Sie bitte auch unsere Tagesgerichte auf den Kreidetafeln.<\/em><\/strong><\/p>\r\n<p><strong>\u00a0<\/strong><\/p>\r\n<p><strong>\u00a0<\/strong><\/p>\r\n<p><strong>\u00a0<\/strong><\/p>\r\n<p><strong>\u00a0<\/strong><\/p>\r\n<p><strong>HAUSGEMACHTE DESSERTS<\/strong><\/p>\r\n<p><strong>Cr\u00e8me Br\u00fbl\u00e9e<\/strong> \u00a0\u00a0\u00a0\u00a0\u00a0 <em>Mit echter Vanille und handgefl\u00e4mmter Karamellkruste<\/em> 8,50<\/p>\r\n<p><strong>Mousse au Chocolat<\/strong> \u00a0\u00a0\u00a0\u00a0 <em>Luftig-herbe Schokolade mit einem Klecks frischer Sahne<\/em> 8,50<\/p>\r\n<p>&nbsp;<\/p>\r\n<p>&nbsp;<\/p>\r\n<p><em>Alle Preise in Euro, inkl. 7 % MwSt. Bei Allergien fragen Sie bitte unser Personal<\/em><\/p>\r\n<\/figure>\r\n\r\n\r\n\r\n\r\n\r\n<p>&nbsp;<\/p>\r\n","protected":false},"excerpt":{"rendered":"<p>Restaurant Reusch \u00a0 VORSPEISEN &amp; SALATE Tagessuppe \u00a0\u00a0\u00a0\u00a0\u00a0\u00a0\u00a0\u00a0\u00a0 \u00a0\u00a0\u00a0\u00a0\u00a0\u00a0\u00a0\u00a0\u00a0\u00a0\u00a0 Frisch nach Marktleistung zubereitet 8,50 Burrata auf Radicchio \u00a0\u00a0\u00a0\u00a0\u00a0\u00a0\u00a0\u00a0\u00a0\u00a0\u00a0 Cremige Burrata auf feinherbem Radicchio, veredelt mit fruchtigem Rote-Bete-Orangendressing und Waln\u00fcssen 13,50 Gratinierter Ziegenk\u00e4se \u00a0\u00a0\u00a0\u00a0\u00a0\u00a0\u00a0\u00a0\u00a0\u00a0\u00a0 An bunten Blattsalaten mit unserem hausgemachten, s\u00fc\u00dfen Senfdressing klein 12,90 | gro\u00df 16,50 Gemischter Salat der Saison 9,50 Putensalat \u00a0\u00a0\u00a0\u00a0\u00a0\u00a0\u00a0\u00a0\u00a0\u00a0\u00a0 Gebratene Putenstreifen [&hellip;]<\/p>\n","protected":false},"author":1,"featured_media":0,"parent":0,"menu_order":0,"comment_status":"closed","ping_status":"closed","template":"","meta":{"footnotes":""},"class_list":["post-32","page","type-page","status-publish","hentry"],"_links":{"self":[{"href":"https:\/\/www.reusch-online.de\/index.php?rest_route=\/wp\/v2\/pages\/32","targetHints":{"allow":["GET"]}}],"collection":[{"href":"https:\/\/www.reusch-online.de\/index.php?rest_route=\/wp\/v2\/pages"}],"about":[{"href":"https:\/\/www.reusch-online.de\/index.php?rest_route=\/wp\/v2\/types\/page"}],"author":[{"embeddable":true,"href":"https:\/\/www.reusch-online.de\/index.php?rest_route=\/wp\/v2\/users\/1"}],"replies":[{"embeddable":true,"href":"https:\/\/www.reusch-online.de\/index.php?rest_route=%2Fwp%2Fv2%2Fcomments&post=32"}],"version-history":[{"count":69,"href":"https:\/\/www.reusch-online.de\/index.php?rest_route=\/wp\/v2\/pages\/32\/revisions"}],"predecessor-version":[{"id":680,"href":"https:\/\/www.reusch-online.de\/index.php?rest_route=\/wp\/v2\/pages\/32\/revisions\/680"}],"wp:attachment":[{"href":"https:\/\/www.reusch-online.de\/index.php?rest_route=%2Fwp%2Fv2%2Fmedia&parent=32"}],"curies":[{"name":"wp","href":"https:\/\/api.w.org\/{rel}","templated":true}]}}